{"id":198,"date":"2018-08-06T09:01:19","date_gmt":"2018-08-06T12:01:19","guid":{"rendered":"http:\/\/gspadvogados.com.br\/partners\/"},"modified":"2018-08-20T15:32:20","modified_gmt":"2018-08-20T18:32:20","slug":"partners","status":"publish","type":"page","link":"https:\/\/gspadvogados.com.br\/en\/partners\/","title":{"rendered":"Partners"},"content":{"rendered":"\r\n<h1 style=\"text-align:center\" class=\"side-lines-small wp-block-heading\">Partners<\/h1>\r\n\r\n\r\n\r\n<ul class=\"accordion grid-x\" data-accordion=\"\" data-deep-link=\"true\" data-update-history=\"true\" data-deep-link-smudge=\"true\" data-deep-link-smudge-delay=\"500\" id=\"deeplinked-accordion\" data-allow-all-closed=\"true\">\r\n\t<li class=\"accordion-item cell medium-4\" data-accordion-item=\"\">\r\n\t\t<!-- Accordion tab title -->\r\n\t\t<a href=\"#luis-alvaro\" class=\"accordion-title\">\r\n\t\t\t<h3 style=\"text-align:center\">Luis Alvaro<br>de Castro Gallelo<\/h3><\/a>\r\n\t\t<!-- Accordion tab content -->\r\n\t\t<div class=\"accordion-content background-color2\" data-tab-content=\"\" id=\"luis-alvaro\">\r\n\t\t\t<p style=\"text-align:center\"><strong>Education:<\/strong><\/p>\r\n\t\t\t<p style=\"text-align:center\"><strong>Graduation:<\/strong> Law at Funda\u00e7\u00e3o Armando \u00c1lvares Penteado (FAAP\/SP) &#8211; Brazil<\/p>\r\n\t\t\t<p style=\"text-align:center\"><strong>Specialization:<\/strong> Law and Economics at Funda\u00e7\u00e3o Get\u00falio Vargas (FGV\/SP) &#8211; Brazil<\/p>\r\n\t\t\t<p style=\"text-align:center\"><strong>Languages:<\/strong><br>English and Italian<\/p>\r\n\t\t\t<p style=\"text-align:center\"><strong>Additional Information:<\/strong><br>Member of Instituto Brasileiro de Direito de Fam\u00edlia (IBDFAM)<\/p>\r\n\t\t\t<p style=\"text-align:center\"><strong><a href=\"mailto:gallelo@gspadvogados.com.br\">gallelo@gspadvogados.com.br<\/a><\/strong><\/p>\r\n\t\t<\/div>\r\n\t<\/li>\r\n\t<li class=\"accordion-item cell medium-4\" data-accordion-item=\"\">\r\n\t\t<!-- Accordion tab title -->\r\n\t\t<a href=\"#lucas-espinola\" class=\"accordion-title\">\r\n\t\t\t<h3 style=\"text-align:center\">Lucas Esp\u00ednola<br>Moreira Salles<\/h3>\r\n\t\t<\/a>\r\n\t\t<!-- Accordion tab content -->\r\n\t\t<div class=\"accordion-content background-color2\" data-tab-content=\"\" id=\"lucas-espinola\">\r\n\t\t\t<p style=\"text-align:center\"><strong>Education:<\/strong><\/p>\r\n\t\t\t<p style=\"text-align:center\"><strong>Graduation:<\/strong> Law at Funda\u00e7\u00e3o Armando \u00c1lvares Penteado (FAAP\/SP) &#8211; Brazil<\/p>\r\n\t\t\t<p style=\"text-align:center\"><strong>P\u00f3s-graduado<\/strong> em Law and Economics pela Funda\u00e7\u00e3o Get\u00falio Vargas (FGV\/SP)<\/p>\r\n\t\t\t<p style=\"text-align:center\"><strong>Languages:<\/strong><br>English and French<\/p>\r\n\t\t\t<p style=\"text-align:center\"><strong>Additional Information:<\/strong><\/p>\r\n\t\t\t<p style=\"text-align:center\"><strong><a href=\"mailto:salles@gspadvogados.com.br\">salles@gspadvogados.com.br<\/a><\/strong><\/p>\r\n\t\t<\/div>\r\n\t<\/li>\r\n\t<li class=\"accordion-item cell medium-4\" data-accordion-item=\"\">\r\n\t\t<!-- Accordion tab title -->\r\n\t\t<a href=\"#urubatan-salles\" class=\"accordion-title\">\r\n\t\t\t<h3 style=\"text-align:center\">Urubatan Salles<br>Palhares Junior<\/h3>\r\n\t\t<\/a>\r\n\t\t<!-- Accordion tab content -->\r\n\t\t<div class=\"accordion-content background-color2\" data-tab-content=\"\" id=\"urubatan-salles\">\r\n\t\t\t<p style=\"text-align:center\"><strong>Education:<\/strong><\/p>\r\n\t\t\t<p style=\"text-align:center\"><strong>Graduation:<\/strong> Law at Funda\u00e7\u00e3o Armando \u00c1lvares Penteado (FAAP\/SP) &#8211; Brazil | Marketing at Funda\u00e7\u00e3o Armando \u00c1lvares Penteado (FAAP\/SP) &#8211; Brazil<\/p>\r\n\t\t\t<p style=\"text-align:center\"><strong>Specialization:<\/strong> Civil Law at Universidade Presbiteriana Mackenzie &#8211; Brazil | Civil Litigation at Pontif\u00edcia Universidade Cat\u00f3lica de S\u00e3o Paulo (PUC\/SP) &#8211; Brazil<\/p>\r\n\t\t\t<p style=\"text-align:center\"><strong>Languages:<\/strong><br>English and Spanish<\/p>\r\n\t\t\t<p style=\"text-align:center\"><strong>Additional Information:<\/strong><br>Member of Instituto Brasileiro de Direito de Fam\u00edlia (IBDFAM)<\/p>\r\n\t\t\t<p style=\"text-align:center\"><strong><a href=\"mailto:palhares@gspadvogados.com.br\">palhares@gspadvogados.com.br<\/a><\/strong><\/p>\r\n\t\t<\/div>\r\n\t<\/li>\r\n<\/ul>\r\n\r\n\r\n\r\n<div style=\"height:60px\" aria-hidden=\"true\" class=\"wp-block-spacer\"><\/div>\r\n\r\n\r\n\r\n<div class=\"wp-block-button aligncenter medium-6 medium-offset-3 contactModal\"><a class=\"wp-block-button__link has-background\" style=\"background-color:#13455b\">WISH TO SPEAK WITH US? CLICK HERE<\/a><\/div>\r\n\r\n\r\n\r\n<div style=\"height:120px\" aria-hidden=\"true\" class=\"wp-block-spacer\"><\/div>\r\n","protected":false},"excerpt":{"rendered":"<p>Partners Luis Alvarode Castro Gallelo Education: Graduation: Law at Funda\u00e7\u00e3o Armando \u00c1lvares Penteado (FAAP\/SP) &#8211; Brazil Specialization: Law and Economics at Funda\u00e7\u00e3o Get\u00falio Vargas (FGV\/SP) &#8211; Brazil Languages:English and Italian Additional Information:Member of Instituto Brasileiro de Direito de Fam\u00edlia (IBDFAM) gallelo@gspadvogados.com.br Lucas Esp\u00ednolaMoreira Salles Education: Graduation: Law at Funda\u00e7\u00e3o Armando \u00c1lvares Penteado (FAAP\/SP) &#8211; Brazil [&hellip;]<\/p>\n","protected":false},"author":1,"featured_media":97,"parent":0,"menu_order":0,"comment_status":"closed","ping_status":"closed","template":"","meta":{"footnotes":""},"class_list":["post-198","page","type-page","status-publish","has-post-thumbnail","hentry"],"_links":{"self":[{"href":"https:\/\/gspadvogados.com.br\/en\/wp-json\/wp\/v2\/pages\/198","targetHints":{"allow":["GET"]}}],"collection":[{"href":"https:\/\/gspadvogados.com.br\/en\/wp-json\/wp\/v2\/pages"}],"about":[{"href":"https:\/\/gspadvogados.com.br\/en\/wp-json\/wp\/v2\/types\/page"}],"author":[{"embeddable":true,"href":"https:\/\/gspadvogados.com.br\/en\/wp-json\/wp\/v2\/users\/1"}],"replies":[{"embeddable":true,"href":"https:\/\/gspadvogados.com.br\/en\/wp-json\/wp\/v2\/comments?post=198"}],"version-history":[{"count":1,"href":"https:\/\/gspadvogados.com.br\/en\/wp-json\/wp\/v2\/pages\/198\/revisions"}],"predecessor-version":[{"id":223,"href":"https:\/\/gspadvogados.com.br\/en\/wp-json\/wp\/v2\/pages\/198\/revisions\/223"}],"wp:featuredmedia":[{"embeddable":true,"href":"https:\/\/gspadvogados.com.br\/en\/wp-json\/wp\/v2\/media\/97"}],"wp:attachment":[{"href":"https:\/\/gspadvogados.com.br\/en\/wp-json\/wp\/v2\/media?parent=198"}],"curies":[{"name":"wp","href":"https:\/\/api.w.org\/{rel}","templated":true}]}}